{"id":9377,"date":"2016-07-04T10:22:16","date_gmt":"2016-07-04T10:22:16","guid":{"rendered":"http:\/\/makeitnow.it\/?post_type=product&#038;p=9377"},"modified":"2016-07-08T10:09:52","modified_gmt":"2016-07-08T10:09:52","slug":"romantica-roma","status":"publish","type":"product","link":"https:\/\/makeitnow.it\/en\/prodotto\/romantica-roma\/","title":{"rendered":"RomAnt\u00ecca &#8211; ROMA"},"content":{"rendered":"<h3 class=\"p1\" style=\"text-align: justify;\">DURATA: 5 GIORNI<\/h3>\n<p class=\"p1\"><span class=\"s1\"><strong>Roma<\/strong>, simbolo della grandezza di uomini illustri che l\u2019hanno resa \u201cCitt\u00e0 Eterna\u201d e immortale, ti offrir\u00e0 un\u2019esperienza unica per ricercare eccellenze, recepirne modelli e comportamenti.<\/span><\/p>\n<p class=\"p1\"><span class=\"s1\">Makeitnow ti propone attivit\u00e0 coinvolgenti alla scoperta di Roma, esempio di leadership intramontabile, per vivere da protagonista la citt\u00e0 nella sua bellezza e nelle sue grandiosit\u00e0, entrando nella storia di una realt\u00e0 straordinaria, nutrendosi della sua forza, diventando attore e autore di un film che sembra non avere mai fine.<\/span><\/p>\n<p class=\"p1\"><span class=\"s1\">Grazie all\u2019approccio innovativo adottato con l\u2019uso di tablet e di app informative, avrai una chiave di lettura alternativa e dinamica per partecipare ad un tour coinvolgente e istruttivo.<\/span><\/p>\n<p class=\"p1\"><span class=\"s1\">\u00a0<\/span><\/p>\n","protected":false},"excerpt":{"rendered":"<p>DURATA: 5 GIORNI Roma, simbolo della grandezza di uomini illustri che l\u2019hanno resa \u201cCitt\u00e0 Eterna\u201d e immortale, ti offrir\u00e0 un\u2019esperienza unica per ricercare eccellenze, recepirne modelli e comportamenti. Makeitnow ti propone attivit\u00e0 coinvolgenti alla scoperta di Roma, esempio di leadership intramontabile, per vivere da protagonista la citt\u00e0 nella sua bellezza e nelle sue grandiosit\u00e0, entrando nella storia di una realt\u00e0 [&hellip;]<\/p>\n","protected":false},"featured_media":9371,"template":"","meta":[],"product_cat":[],"product_tag":[],"class_list":{"0":"post-9377","1":"product","2":"type-product","3":"status-publish","4":"has-post-thumbnail","7":"first","8":"instock","9":"virtual","10":"purchasable","11":"product-type-simple"},"yoast_head":"<!-- This site is optimized with the Yoast SEO plugin v23.4 - https:\/\/yoast.com\/wordpress\/plugins\/seo\/ -->\n<title>RomAnt\u00ecca - ROMA - MAKEIT<\/title>\n<meta name=\"robots\" content=\"index, follow, max-snippet:-1, max-image-preview:large, max-video-preview:-1\" \/>\n<link rel=\"canonical\" href=\"https:\/\/makeitnow.it\/en\/prodotto\/romantica-roma\/\" \/>\n<meta property=\"og:locale\" content=\"en_US\" \/>\n<meta property=\"og:type\" content=\"article\" \/>\n<meta property=\"og:title\" content=\"RomAnt\u00ecca - ROMA - MAKEIT\" \/>\n<meta property=\"og:description\" content=\"DURATA: 5 GIORNI Roma, simbolo della grandezza di uomini illustri che l\u2019hanno resa \u201cCitt\u00e0 Eterna\u201d e immortale, ti offrir\u00e0 un\u2019esperienza unica per ricercare eccellenze, recepirne modelli e comportamenti. Makeitnow ti propone attivit\u00e0 coinvolgenti alla scoperta di Roma, esempio di leadership intramontabile, per vivere da protagonista la citt\u00e0 nella sua bellezza e nelle sue grandiosit\u00e0, entrando nella storia di una realt\u00e0 [&hellip;]\" \/>\n<meta property=\"og:url\" content=\"https:\/\/makeitnow.it\/en\/prodotto\/romantica-roma\/\" \/>\n<meta property=\"og:site_name\" content=\"MAKEIT\" \/>\n<meta property=\"article:modified_time\" content=\"2016-07-08T10:09:52+00:00\" \/>\n<meta property=\"og:image\" content=\"https:\/\/makeitnow.it\/wp-content\/uploads\/2016\/07\/img-commerce-roma.jpg\" \/>\n\t<meta property=\"og:image:width\" content=\"800\" \/>\n\t<meta property=\"og:image:height\" content=\"800\" \/>\n\t<meta property=\"og:image:type\" content=\"image\/jpeg\" \/>\n<meta name=\"twitter:card\" content=\"summary_large_image\" \/>\n<meta name=\"twitter:label1\" content=\"Est. reading time\" \/>\n\t<meta name=\"twitter:data1\" content=\"1 minute\" \/>\n<!-- \/ Yoast SEO plugin. -->","yoast_head_json":{"title":"RomAnt\u00ecca - ROMA - MAKEIT","robots":{"index":"index","follow":"follow","max-snippet":"max-snippet:-1","max-image-preview":"max-image-preview:large","max-video-preview":"max-video-preview:-1"},"canonical":"https:\/\/makeitnow.it\/en\/prodotto\/romantica-roma\/","og_locale":"en_US","og_type":"article","og_title":"RomAnt\u00ecca - ROMA - MAKEIT","og_description":"DURATA: 5 GIORNI Roma, simbolo della grandezza di uomini illustri che l\u2019hanno resa \u201cCitt\u00e0 Eterna\u201d e immortale, ti offrir\u00e0 un\u2019esperienza unica per ricercare eccellenze, recepirne modelli e comportamenti. Makeitnow ti propone attivit\u00e0 coinvolgenti alla scoperta di Roma, esempio di leadership intramontabile, per vivere da protagonista la citt\u00e0 nella sua bellezza e nelle sue grandiosit\u00e0, entrando nella storia di una realt\u00e0 [&hellip;]","og_url":"https:\/\/makeitnow.it\/en\/prodotto\/romantica-roma\/","og_site_name":"MAKEIT","article_modified_time":"2016-07-08T10:09:52+00:00","og_image":[{"width":800,"height":800,"url":"https:\/\/makeitnow.it\/wp-content\/uploads\/2016\/07\/img-commerce-roma.jpg","type":"image\/jpeg"}],"twitter_card":"summary_large_image","twitter_misc":{"Est. reading time":"1 minute"},"schema":{"@context":"https:\/\/schema.org","@graph":[{"@type":"WebPage","@id":"https:\/\/makeitnow.it\/en\/prodotto\/romantica-roma\/","url":"https:\/\/makeitnow.it\/en\/prodotto\/romantica-roma\/","name":"RomAnt\u00ecca - ROMA - MAKEIT","isPartOf":{"@id":"https:\/\/makeitnow.it\/#website"},"primaryImageOfPage":{"@id":"https:\/\/makeitnow.it\/en\/prodotto\/romantica-roma\/#primaryimage"},"image":{"@id":"https:\/\/makeitnow.it\/en\/prodotto\/romantica-roma\/#primaryimage"},"thumbnailUrl":"https:\/\/makeitnow.it\/wp-content\/uploads\/2016\/07\/img-commerce-roma.jpg","datePublished":"2016-07-04T10:22:16+00:00","dateModified":"2016-07-08T10:09:52+00:00","breadcrumb":{"@id":"https:\/\/makeitnow.it\/en\/prodotto\/romantica-roma\/#breadcrumb"},"inLanguage":"en-US","potentialAction":[{"@type":"ReadAction","target":["https:\/\/makeitnow.it\/en\/prodotto\/romantica-roma\/"]}]},{"@type":"ImageObject","inLanguage":"en-US","@id":"https:\/\/makeitnow.it\/en\/prodotto\/romantica-roma\/#primaryimage","url":"https:\/\/makeitnow.it\/wp-content\/uploads\/2016\/07\/img-commerce-roma.jpg","contentUrl":"https:\/\/makeitnow.it\/wp-content\/uploads\/2016\/07\/img-commerce-roma.jpg","width":800,"height":800},{"@type":"BreadcrumbList","@id":"https:\/\/makeitnow.it\/en\/prodotto\/romantica-roma\/#breadcrumb","itemListElement":[{"@type":"ListItem","position":1,"name":"Home","item":"https:\/\/makeitnow.it\/en\/"},{"@type":"ListItem","position":2,"name":"Shop","item":"https:\/\/makeitnow.it\/negozio\/"},{"@type":"ListItem","position":3,"name":"RomAnt\u00ecca &#8211; ROMA"}]},{"@type":"WebSite","@id":"https:\/\/makeitnow.it\/#website","url":"https:\/\/makeitnow.it\/","name":"MAKEIT","description":"Experience Deam Learn","potentialAction":[{"@type":"SearchAction","target":{"@type":"EntryPoint","urlTemplate":"https:\/\/makeitnow.it\/?s={search_term_string}"},"query-input":{"@type":"PropertyValueSpecification","valueRequired":true,"valueName":"search_term_string"}}],"inLanguage":"en-US"}]}},"_links":{"self":[{"href":"https:\/\/makeitnow.it\/en\/wp-json\/wp\/v2\/product\/9377"}],"collection":[{"href":"https:\/\/makeitnow.it\/en\/wp-json\/wp\/v2\/product"}],"about":[{"href":"https:\/\/makeitnow.it\/en\/wp-json\/wp\/v2\/types\/product"}],"wp:featuredmedia":[{"embeddable":true,"href":"https:\/\/makeitnow.it\/en\/wp-json\/wp\/v2\/media\/9371"}],"wp:attachment":[{"href":"https:\/\/makeitnow.it\/en\/wp-json\/wp\/v2\/media?parent=9377"}],"wp:term":[{"taxonomy":"product_cat","embeddable":true,"href":"https:\/\/makeitnow.it\/en\/wp-json\/wp\/v2\/product_cat?post=9377"},{"taxonomy":"product_tag","embeddable":true,"href":"https:\/\/makeitnow.it\/en\/wp-json\/wp\/v2\/product_tag?post=9377"}],"curies":[{"name":"wp","href":"https:\/\/api.w.org\/{rel}","templated":true}]}}