{"id":9368,"date":"2016-07-04T10:07:02","date_gmt":"2016-07-04T10:07:02","guid":{"rendered":"http:\/\/makeitnow.it\/?post_type=product&#038;p=9368"},"modified":"2016-07-08T10:10:57","modified_gmt":"2016-07-08T10:10:57","slug":"rinascimentour-firenze","status":"publish","type":"product","link":"https:\/\/makeitnow.it\/en\/prodotto\/rinascimentour-firenze\/","title":{"rendered":"RinascimenTour &#8211; FIRENZE"},"content":{"rendered":"<h3 class=\"p1\" style=\"text-align: justify;\">DURATA: 5 GIORNI<\/h3>\n<p class=\"p1\"><span class=\"s1\">Vieni alla corte dei Medici, conosci <strong>Firenze<\/strong> e emozionati davanti alle sue nobili bellezze. <\/span><\/p>\n<p class=\"p1\"><span class=\"s1\">Makeitnow ti render\u00e0 protagonista di piacevoli e coinvolgenti esperienze per apprendere i segreti di una realt\u00e0 che ha fatto della comunicazione il suo leitmotiv.<\/span><\/p>\n<p class=\"p1\"><span class=\"s1\">Avrai la possibilit\u00e0 di percepire logiche e comportamenti di uomini illustri, fautori di cultura, di idee innovatrici e di contaminazione di saperi.<\/span><\/p>\n<p class=\"p1\"><span class=\"s1\">Potrai sviluppare potenzialit\u00e0 creative e comunicative grazie a moderni strumenti e a tutor esperti che ti permetteranno di approcciare in modo nuovo una realt\u00e0 dalle innumerevoli sfaccettature che ti regaler\u00e0 divertimento ed emozioni indimenticabili.<\/span><\/p>\n","protected":false},"excerpt":{"rendered":"<p>DURATA: 5 GIORNI Vieni alla corte dei Medici, conosci Firenze e emozionati davanti alle sue nobili bellezze. Makeitnow ti render\u00e0 protagonista di piacevoli e coinvolgenti esperienze per apprendere i segreti di una realt\u00e0 che ha fatto della comunicazione il suo leitmotiv. Avrai la possibilit\u00e0 di percepire logiche e comportamenti di uomini illustri, fautori di cultura, di idee innovatrici e di [&hellip;]<\/p>\n","protected":false},"featured_media":9374,"template":"","meta":[],"product_cat":[],"product_tag":[],"class_list":{"0":"post-9368","1":"product","2":"type-product","3":"status-publish","4":"has-post-thumbnail","7":"first","8":"instock","9":"virtual","10":"purchasable","11":"product-type-simple"},"yoast_head":"<!-- This site is optimized with the Yoast SEO plugin v23.4 - https:\/\/yoast.com\/wordpress\/plugins\/seo\/ -->\n<title>RinascimenTour - FIRENZE - MAKEIT<\/title>\n<meta name=\"robots\" content=\"index, follow, max-snippet:-1, max-image-preview:large, max-video-preview:-1\" \/>\n<link rel=\"canonical\" href=\"https:\/\/makeitnow.it\/prodotto\/rinascimentour-firenze\/\" \/>\n<meta property=\"og:locale\" content=\"en_US\" \/>\n<meta property=\"og:type\" content=\"article\" \/>\n<meta property=\"og:title\" content=\"RinascimenTour - FIRENZE - MAKEIT\" \/>\n<meta property=\"og:description\" content=\"DURATA: 5 GIORNI Vieni alla corte dei Medici, conosci Firenze e emozionati davanti alle sue nobili bellezze. Makeitnow ti render\u00e0 protagonista di piacevoli e coinvolgenti esperienze per apprendere i segreti di una realt\u00e0 che ha fatto della comunicazione il suo leitmotiv. Avrai la possibilit\u00e0 di percepire logiche e comportamenti di uomini illustri, fautori di cultura, di idee innovatrici e di [&hellip;]\" \/>\n<meta property=\"og:url\" content=\"https:\/\/makeitnow.it\/prodotto\/rinascimentour-firenze\/\" \/>\n<meta property=\"og:site_name\" content=\"MAKEIT\" \/>\n<meta property=\"article:modified_time\" content=\"2016-07-08T10:10:57+00:00\" \/>\n<meta property=\"og:image\" content=\"https:\/\/makeitnow.it\/wp-content\/uploads\/2016\/07\/makeit-firenze.jpg\" \/>\n\t<meta property=\"og:image:width\" content=\"800\" \/>\n\t<meta property=\"og:image:height\" content=\"800\" \/>\n\t<meta property=\"og:image:type\" content=\"image\/jpeg\" \/>\n<meta name=\"twitter:card\" content=\"summary_large_image\" \/>\n<!-- \/ Yoast SEO plugin. -->","yoast_head_json":{"title":"RinascimenTour - FIRENZE - MAKEIT","robots":{"index":"index","follow":"follow","max-snippet":"max-snippet:-1","max-image-preview":"max-image-preview:large","max-video-preview":"max-video-preview:-1"},"canonical":"https:\/\/makeitnow.it\/prodotto\/rinascimentour-firenze\/","og_locale":"en_US","og_type":"article","og_title":"RinascimenTour - FIRENZE - MAKEIT","og_description":"DURATA: 5 GIORNI Vieni alla corte dei Medici, conosci Firenze e emozionati davanti alle sue nobili bellezze. Makeitnow ti render\u00e0 protagonista di piacevoli e coinvolgenti esperienze per apprendere i segreti di una realt\u00e0 che ha fatto della comunicazione il suo leitmotiv. Avrai la possibilit\u00e0 di percepire logiche e comportamenti di uomini illustri, fautori di cultura, di idee innovatrici e di [&hellip;]","og_url":"https:\/\/makeitnow.it\/prodotto\/rinascimentour-firenze\/","og_site_name":"MAKEIT","article_modified_time":"2016-07-08T10:10:57+00:00","og_image":[{"width":800,"height":800,"url":"https:\/\/makeitnow.it\/wp-content\/uploads\/2016\/07\/makeit-firenze.jpg","type":"image\/jpeg"}],"twitter_card":"summary_large_image","schema":{"@context":"https:\/\/schema.org","@graph":[{"@type":"WebPage","@id":"https:\/\/makeitnow.it\/prodotto\/rinascimentour-firenze\/","url":"https:\/\/makeitnow.it\/prodotto\/rinascimentour-firenze\/","name":"RinascimenTour - FIRENZE - MAKEIT","isPartOf":{"@id":"https:\/\/makeitnow.it\/#website"},"primaryImageOfPage":{"@id":"https:\/\/makeitnow.it\/prodotto\/rinascimentour-firenze\/#primaryimage"},"image":{"@id":"https:\/\/makeitnow.it\/prodotto\/rinascimentour-firenze\/#primaryimage"},"thumbnailUrl":"https:\/\/makeitnow.it\/wp-content\/uploads\/2016\/07\/makeit-firenze.jpg","datePublished":"2016-07-04T10:07:02+00:00","dateModified":"2016-07-08T10:10:57+00:00","breadcrumb":{"@id":"https:\/\/makeitnow.it\/prodotto\/rinascimentour-firenze\/#breadcrumb"},"inLanguage":"en-US","potentialAction":[{"@type":"ReadAction","target":["https:\/\/makeitnow.it\/prodotto\/rinascimentour-firenze\/"]}]},{"@type":"ImageObject","inLanguage":"en-US","@id":"https:\/\/makeitnow.it\/prodotto\/rinascimentour-firenze\/#primaryimage","url":"https:\/\/makeitnow.it\/wp-content\/uploads\/2016\/07\/makeit-firenze.jpg","contentUrl":"https:\/\/makeitnow.it\/wp-content\/uploads\/2016\/07\/makeit-firenze.jpg","width":800,"height":800},{"@type":"BreadcrumbList","@id":"https:\/\/makeitnow.it\/prodotto\/rinascimentour-firenze\/#breadcrumb","itemListElement":[{"@type":"ListItem","position":1,"name":"Home","item":"https:\/\/makeitnow.it\/en\/"},{"@type":"ListItem","position":2,"name":"Shop","item":"https:\/\/makeitnow.it\/negozio\/"},{"@type":"ListItem","position":3,"name":"RinascimenTour &#8211; FIRENZE"}]},{"@type":"WebSite","@id":"https:\/\/makeitnow.it\/#website","url":"https:\/\/makeitnow.it\/","name":"MAKEIT","description":"Experience Deam Learn","potentialAction":[{"@type":"SearchAction","target":{"@type":"EntryPoint","urlTemplate":"https:\/\/makeitnow.it\/?s={search_term_string}"},"query-input":{"@type":"PropertyValueSpecification","valueRequired":true,"valueName":"search_term_string"}}],"inLanguage":"en-US"}]}},"_links":{"self":[{"href":"https:\/\/makeitnow.it\/en\/wp-json\/wp\/v2\/product\/9368"}],"collection":[{"href":"https:\/\/makeitnow.it\/en\/wp-json\/wp\/v2\/product"}],"about":[{"href":"https:\/\/makeitnow.it\/en\/wp-json\/wp\/v2\/types\/product"}],"wp:featuredmedia":[{"embeddable":true,"href":"https:\/\/makeitnow.it\/en\/wp-json\/wp\/v2\/media\/9374"}],"wp:attachment":[{"href":"https:\/\/makeitnow.it\/en\/wp-json\/wp\/v2\/media?parent=9368"}],"wp:term":[{"taxonomy":"product_cat","embeddable":true,"href":"https:\/\/makeitnow.it\/en\/wp-json\/wp\/v2\/product_cat?post=9368"},{"taxonomy":"product_tag","embeddable":true,"href":"https:\/\/makeitnow.it\/en\/wp-json\/wp\/v2\/product_tag?post=9368"}],"curies":[{"name":"wp","href":"https:\/\/api.w.org\/{rel}","templated":true}]}}